{"id":189,"date":"2013-04-15T19:56:21","date_gmt":"2013-04-15T19:56:21","guid":{"rendered":"http:\/\/kidsongs.com.br\/site\/?page_id=189"},"modified":"2015-11-11T01:49:40","modified_gmt":"2015-11-11T01:49:40","slug":"como-tudo-comecou","status":"publish","type":"page","link":"http:\/\/kidsongs.com.br\/kids\/como-tudo-comecou\/","title":{"rendered":"Como tudo comecou"},"content":{"rendered":"<p><a href=\"http:\/\/kidsongs.com.br\/kids\/wp-content\/uploads\/2013\/04\/bg41.jpg\"><img loading=\"lazy\" decoding=\"async\" class=\"aligncenter size-large wp-image-224\" src=\"http:\/\/kidsongs.com.br\/kids\/wp-content\/uploads\/2013\/04\/bg41-1024x682.jpg\" alt=\"bg4[1]\" width=\"640\" height=\"426\" srcset=\"http:\/\/kidsongs.com.br\/kids\/wp-content\/uploads\/2013\/04\/bg41-1024x682.jpg 1024w, http:\/\/kidsongs.com.br\/kids\/wp-content\/uploads\/2013\/04\/bg41-300x200.jpg 300w, http:\/\/kidsongs.com.br\/kids\/wp-content\/uploads\/2013\/04\/bg41-680x453.jpg 680w, http:\/\/kidsongs.com.br\/kids\/wp-content\/uploads\/2013\/04\/bg41.jpg 1600w\" sizes=\"auto, (max-width: 640px) 100vw, 640px\" \/><\/a><\/p>\n<p>O <strong>Kidsongs<\/strong> nasceu de forma muito natural. Meus amigos Breno e Sabrina estavam pra ter um beb\u00ea e eu n\u00e3o sabia o que dar de presente a eles.<br \/>\nSapatinho? Roupinha? Bichinho de pel\u00facia??? N\u00e3o. Definitivamente n\u00e3o&#8230; Eu queria uma coisa que marcasse, que fizesse a diferen\u00e7a, que ficasse pra sempre na vida deles.<br \/>\nComo sou compositor\/produtor, por que n\u00e3o dar o que de melhor sei fazer? Uma m\u00fasica! Boa id\u00e9ia!<br \/>\nA can\u00e7\u00e3o ficou pronta poucos dias antes da Manuela nascer. Assim que recebi a not\u00edcia de sua &#8220;chegada&#8221;, corri pra maternidade e, logo que cheguei, coloquei os fones nos ouvidos do pai,\u00a0pedindo pra\u00a0que ele fosse dar uma volta ouvindo o que havia ali.<br \/>\nUns quinze minutos depois, Breno volta com os olhos inchados, visivelmente emocionado e coloca os fones na Sabrina que estava amamentando a Manu pela primeira vez. Ela chorou muito, pediu pra ouvir a can\u00e7\u00e3o mais umas duas vezes e todos ali formam ouvindo e se emocionando.<\/p>\n<p>Aquela contagiante emo\u00e7\u00e3o coletiva me convenceu de que isso deveria se espalhar para mais pessoas.<\/p>\n<p>Assim nasceu o <strong>Kidsongs!<\/strong><\/p>\n<p>__________________________________________________________________________________________<\/p>\n<p><strong>Marcelo Lima<\/strong><br \/>\n(m\u00fasico e produtor)<\/p>\n<p><a href=\"http:\/\/limagroup.net\/wp-content\/uploads\/2015\/11\/profile.jpg\"><img loading=\"lazy\" decoding=\"async\" class=\"size-medium wp-image-45 aligncenter\" src=\"http:\/\/limagroup.net\/wp-content\/uploads\/2015\/11\/profile-300x300.jpg\" alt=\"profile\" width=\"300\" height=\"300\" \/><\/a><\/p>\n<p><strong>Um pouco da minha est\u00f3ria:<\/strong><\/p>\n<div>\n<div>Desde que me conhe\u00e7o por gente, eu j\u00e1 sabia que iria trabalhar, de uma forma ou de outra, com a m\u00fasica.<\/div>\n<div>Minha m\u00e3e, a cantora\u00a0<strong>Ala\u00edde Costa<\/strong>\u00a0e meu pai, o jornalista e locutor\u00a0<strong>Mario Lima<\/strong>, passaram suas vidas nos est\u00fadios.<\/div>\n<p>Tive a sorte e o privil\u00e9gio de come\u00e7ar minhas experi\u00eancias profissionais com o <strong>Maestro\u00a0Vicente de Paula S\u00e1lvia<\/strong>, o<strong> Vitch\u00e9 <\/strong>e\u00a0anos depois com\u00a0<strong>Cesar Camargo Mariano<\/strong>\u00a0com quem trabalhei em sua\u00a0produtora \u00a0<b>Digital Estudio.<br \/>\n<\/b>Anos mais tarde, fui um dos produtores da <strong>Sam Studio<\/strong>, do saudoso<b> Jorginho Minassian.<\/b><\/p>\n<p>Estudei\u00a0Publicidade e Propaganda na\u00a0<strong>Faap<\/strong>, em S\u00e3o Paulo ao mesmo tempo em que tocava guitarra e cantava na banda\u00a0<strong>Suite Combo<\/strong>, com\u00a0<strong>Wilson Simoninha\u00a0<\/strong>e\u00a0<strong>Jo\u00e3o Marcello B\u00f4scolli<\/strong>.<\/p>\n<\/div>\n<div>No teatro, participei do espet\u00e1culo\u00a0<b>\u201cHamlet\u201d<\/b>, numa montagem de\u00a0<b>Ulisses Cruz<\/b>\u00a0a convite de\u00a0<strong>Eduardo Queir\u00f3z<\/strong>, um dos maiores produtores musicais do Brasil.<br \/>\nNa TV, fui diretor musical de um programa do\u00a0<strong>Disney Channel<\/strong>\u00a0chamado\u00a0<strong>Zapping Zone<\/strong>, onde permaneci\u00a0por dois anos.<\/div>\n<div><\/div>\n<div>\n<p>Fui guitarrista e vocalista da\u00a0<strong>Grooveria Eletroac\u00fastica<\/strong>, onde toquei\u00a0por 8 anos e, simultaneamente, fui tecladista da <strong>Jam Suburbana<\/strong>, do maestro <strong>Bocato<\/strong>.<\/p>\n<p>Em 2008, fundei a\u00a0<strong>Limagroup Arte &amp; Comunica\u00e7\u00e3o.<\/strong><\/p>\n<\/div>\n<div>Al\u00e9m da cria\u00e7\u00e3o de pe\u00e7as publicit\u00e1rias e outros eventos, realizei alguns projetos fonogr\u00e1ficos, como a produ\u00e7\u00e3o art\u00edstica do CD \u201c<strong>Vibe<\/strong>\u201cde Vanessa Falabella, o CD \u201c<strong>Hyatt Bossa Lounge<\/strong>\u201c,\u00a0um projeto exclusivo para o\u00a0hotel em S\u00e3o Paulo e a produ\u00e7\u00e3o executiva de um maravilhoso projeto dos m\u00fasicos\u00a0<strong>George Benson<\/strong>\u00a0com\u00a0<strong>Toninho Horta<\/strong>.<\/div>\n<div>Participei do CD\u00a0<strong>\u201cSongs and Stories\u201d\u00a0<\/strong>de\u00a0<strong>George Benson<\/strong>\u00a0tocando viol\u00e3o na faixa\u00a0<strong>\u201cSailing\u201d<\/strong>\u00a0de\u00a0<strong>Christopher Cross.<\/strong><\/div>\n<div>Ou\u00e7a:<\/div>\n<div><\/div>\n<p><iframe loading=\"lazy\" src=\"https:\/\/www.youtube.com\/embed\/2bCj-AxGwxw\" width=\"500\" height=\"281\" frameborder=\"0\" allowfullscreen=\"allowfullscreen\"><\/iframe><\/p>\n","protected":false},"excerpt":{"rendered":"<p>O Kidsongs nasceu de forma muito natural. Meus amigos Breno e Sabrina estavam pra ter um beb\u00ea e eu n\u00e3o sabia o que dar de presente a eles. Sapatinho? Roupinha? [&hellip;]<\/p>\n","protected":false},"author":1,"featured_media":0,"parent":0,"menu_order":0,"comment_status":"closed","ping_status":"closed","template":"","meta":{"footnotes":""},"class_list":["post-189","page","type-page","status-publish","hentry"],"_links":{"self":[{"href":"http:\/\/kidsongs.com.br\/kids\/wp-json\/wp\/v2\/pages\/189","targetHints":{"allow":["GET"]}}],"collection":[{"href":"http:\/\/kidsongs.com.br\/kids\/wp-json\/wp\/v2\/pages"}],"about":[{"href":"http:\/\/kidsongs.com.br\/kids\/wp-json\/wp\/v2\/types\/page"}],"author":[{"embeddable":true,"href":"http:\/\/kidsongs.com.br\/kids\/wp-json\/wp\/v2\/users\/1"}],"replies":[{"embeddable":true,"href":"http:\/\/kidsongs.com.br\/kids\/wp-json\/wp\/v2\/comments?post=189"}],"version-history":[{"count":22,"href":"http:\/\/kidsongs.com.br\/kids\/wp-json\/wp\/v2\/pages\/189\/revisions"}],"predecessor-version":[{"id":309,"href":"http:\/\/kidsongs.com.br\/kids\/wp-json\/wp\/v2\/pages\/189\/revisions\/309"}],"wp:attachment":[{"href":"http:\/\/kidsongs.com.br\/kids\/wp-json\/wp\/v2\/media?parent=189"}],"curies":[{"name":"wp","href":"https:\/\/api.w.org\/{rel}","templated":true}]}}