{"id":271,"date":"2015-10-05T16:38:55","date_gmt":"2015-10-05T16:38:55","guid":{"rendered":"http:\/\/kidsongs.com.br\/kids\/?page_id=271"},"modified":"2017-02-21T05:06:53","modified_gmt":"2017-02-21T05:06:53","slug":"kidsongs-social","status":"publish","type":"page","link":"http:\/\/kidsongs.com.br\/kids\/kidsongs-social\/","title":{"rendered":"Kidsongs Social"},"content":{"rendered":"<p><a href=\"http:\/\/kidsongs.com.br\/kids\/wp-content\/uploads\/2012\/11\/bg21.jpg\"><img loading=\"lazy\" decoding=\"async\" class=\"aligncenter size-large wp-image-220\" src=\"http:\/\/kidsongs.com.br\/kids\/wp-content\/uploads\/2012\/11\/bg21-1024x682.jpg\" alt=\"bg2[1]\" width=\"640\" height=\"426\" srcset=\"http:\/\/kidsongs.com.br\/kids\/wp-content\/uploads\/2012\/11\/bg21-1024x682.jpg 1024w, http:\/\/kidsongs.com.br\/kids\/wp-content\/uploads\/2012\/11\/bg21-300x200.jpg 300w, http:\/\/kidsongs.com.br\/kids\/wp-content\/uploads\/2012\/11\/bg21-680x453.jpg 680w, http:\/\/kidsongs.com.br\/kids\/wp-content\/uploads\/2012\/11\/bg21.jpg 1600w\" sizes=\"auto, (max-width: 640px) 100vw, 640px\" \/><\/a><\/p>\n<p>O departamento social do Kidsongs \u00e9 o mais importante dos\u00a0objetivos deste projeto:<br \/>\nFazer can\u00e7\u00f5es para crian\u00e7as que est\u00e3o doentes \u00e9 a nosso principal desafio.<\/p>\n<p>A m\u00fasica desempenha um papel extramamente importante na recupera\u00e7\u00e3o da auto-estima da crian\u00e7a, sobretudo quando o tema central da can\u00e7\u00e3o\u00a0\u00e9 ela pr\u00f3pria.<\/p>\n<p>De acordo com o Minist\u00e9rio da Sa\u00fade (BRASIL, 2016) pode-se dizer que o c\u00e2ncer \u00e9 a primeira causa de morte por doen\u00e7a na inf\u00e2ncia e adolesc\u00eancia, com a estimativa de 9 mil novos casos por ano no Brasil. Tamb\u00e9m o Minist\u00e9rio aponta que os avan\u00e7os no tratamento da doen\u00e7a hoje garantem que quando h\u00e1 diagn\u00f3stico precoce e tratamento em centros especializados, em torno de 70% dos casos as crian\u00e7as podem ser curadas, e em sua maioria ter\u00e3o boa qualidade de vida ap\u00f3s o tratamento. <\/p>\n<p>Ocorre que o per\u00edodo de tratamento \u00e9 estressante e provoca altera\u00e7\u00f5es f\u00edsicas e psicol\u00f3gicas nas crian\u00e7as.<br \/>\nO uso da m\u00fasica como parte do tratamento de crian\u00e7as com doen\u00e7as cr\u00f4nicas, busca desenvolver potenciais e\/ou restaurar func\u0327o\u0303es destes indivi\u0301duos para que eles alcancem uma melhor qualidade de vida durante este dif\u00edcil e doloroso per\u00edodo, e revela-se extremamente importante, pois e\u0301 uma forma de humanizar os cuidados. Encontrando-se a crian\u00e7a num ambiente estranho, rodeado de pessoas que desconhece e de muitos instrumentos e aparelhos que, de certa forma o assustam, esses pequenos indiv\u00edduos se tornam serers extremamente fr\u00e1geis.<\/p>\n<p>Desde a Primeira Guerra Mundial (1914-1918), os hospitais que recolhiam os veteranos de guerra j\u00e1 utilizavam a m\u00fasica como instrumento terape\u0302utico, ajudando, desta forma, no tratamento fi\u0301sico e mental destes pacientes.<br \/>\nCada vez mais a qualidade dos cuidados e as prefere\u0302ncias do paciente sa\u0303o levadas em conta no seu tratamento e colocadas a\u0300 frente no reestabelicimento da boa sa\u00fade e mu\u0301sica contribui para a personalizac\u0327a\u0303o e aperfeic\u0327oamento destes cuidados.<br \/>\nA aplicac\u0327a\u0303o da mu\u0301sica pode ser ainda bene\u0301fica na terapia familiar, sendo tomada como um impulsionador das interac\u0327o\u0303es, fomentando momentos de descontrac\u0327a\u0303o e divertimento. E\u0301 uma forma de ligar ainda mais os membros da fami\u0301lia, podendo ajudar a verem-se de uma forma diferente e renovada.<\/p>\n<p>Nunca nos devemos esquecer que cuidar e\u0301 mais do que tratar de uma doenc\u0327a, e\u0301 estar presente e proporcionar ao doente conforto e bem-estar, minimizar a sua dor fi\u0301sica e emocional.<br \/>\nNeste contexto que surge a ideia de oferecer m\u00fasica durante o tratamento. Mas n\u00e3o uma m\u00fasica comum, e sim \u201ca\u201d m\u00fasica de cada crian\u00e7a, feita especialmente para ela, lembrando suas alegrias, suas prefer\u00eancias, e proporcionando uma experi\u00eancia nova, que pode elevar a autoestima nesta fase dif\u00edcil da vida infantil.<\/p>\n<p>OBJETIVO<\/p>\n<p>O Kidsongs tem como objetivo beneficiar crian\u00e7as que est\u00e3o em tratamento do c\u00e2ncer e outras doen\u00e7as graves, ajudando-as na recupera\u00e7\u00e3o de sua autoestima e, sobretudo, na vontade de superar as dificuldades. Esse benef\u00edcio \u00e9 alcan\u00e7ado quando a crian\u00e7a recebe uma m\u00fasica sua, que fala em sua vida, nas prefer\u00eancias e lembran\u00e7as que s\u00e3o especiais e motivadoras para ela.<\/p>\n<p>COMO FUNCIONA?<br \/>\nNossos agentes entrevistam pessoalmente os m\u00e9dicos destas crian\u00e7as a fim de identificar quais se encontram em estado emocional mais vulner\u00e1vel e, em seguida, fazem contado com os pais, para obter os detalhes que ir\u00e3o compor o briefing que ser\u00e1 enviado aos compositores do Kidsongs.<br \/>\nO processo de confec\u00e7\u00e3o das can\u00e7\u00f5es \u00e9 exatamente o mesmo de um CD profissional. S\u00e3o usados os melhores equipamentos e instrumentos para entregarmos nosso produto com a melhor qualidade poss\u00edvel.<br \/>\nA confec\u00e7\u00e3o das m\u00fasicas do Kidsongs segue o mesmo padr\u00e3o t\u00e9cnico e art\u00edstico que o de um CD convencional.<br \/>\nO BRIEFING \u00e9 o ponto de partida para a cria\u00e7\u00e3o da m\u00fasica de cada crian\u00e7a, e ir\u00e1 conter informa\u00e7\u00f5es como: nome e apelido da crian\u00e7a e de seus pais; nome de familiares e\/ou amigos que possam ser inclu\u00eddos na m\u00fasica; nome dos animais de estima\u00e7\u00e3o se os tiver e outros detalhes que auxiliem o compositor a criar uma m\u00fasica exclusiva e que venha a refletir a vida e as prefer\u00eancias da crian\u00e7a beneficiada.<br \/>\nPartindo dessas informa\u00e7\u00f5es, a can\u00e7\u00e3o \u00e9 composta e produzida at\u00e9 sua mixagem e masteriza\u00e7\u00e3o. Obs: A crian\u00e7a tamb\u00e9m receber\u00e1 o playback da m\u00fasica (sem voz) para que todos possam canta-la como num karaok\u00ea.<\/p>\n<p>Entre em contato com a gente e saiba como presentear uma crian\u00e7a.<\/p>\n<div role=\"form\" class=\"wpcf7\" id=\"wpcf7-f290-o1\" lang=\"pt-BR\" dir=\"ltr\">\n<div class=\"screen-reader-response\"><\/div>\n<form action=\"\/kids\/wp-json\/wp\/v2\/pages\/271#wpcf7-f290-o1\" method=\"post\" class=\"wpcf7-form\" novalidate=\"novalidate\">\n<div style=\"display: none;\">\n<input type=\"hidden\" name=\"_wpcf7\" value=\"290\" \/>\n<input type=\"hidden\" name=\"_wpcf7_version\" value=\"4.3\" \/>\n<input type=\"hidden\" name=\"_wpcf7_locale\" value=\"pt_BR\" \/>\n<input type=\"hidden\" name=\"_wpcf7_unit_tag\" value=\"wpcf7-f290-o1\" \/>\n<input type=\"hidden\" name=\"_wpnonce\" value=\"4b10380326\" \/>\n<\/div>\n<p>Seu nome<br \/>\n    <span class=\"wpcf7-form-control-wrap your-name\"><input type=\"text\" name=\"your-name\" value=\"\" size=\"40\" class=\"wpcf7-form-control wpcf7-text wpcf7-validates-as-required\" aria-required=\"true\" aria-invalid=\"false\" \/><\/span> <\/p>\n<p>Seu e-mail<br \/>\n    <span class=\"wpcf7-form-control-wrap your-email\"><input type=\"email\" name=\"your-email\" value=\"\" size=\"40\" class=\"wpcf7-form-control wpcf7-text wpcf7-email wpcf7-validates-as-required wpcf7-validates-as-email\" aria-required=\"true\" aria-invalid=\"false\" \/><\/span> <\/p>\n<p>Sua mensagem<br \/>\n    <span class=\"wpcf7-form-control-wrap your-message\"><textarea name=\"your-message\" cols=\"40\" rows=\"10\" class=\"wpcf7-form-control wpcf7-textarea\" aria-invalid=\"false\"><\/textarea><\/span> <\/p>\n<p><input type=\"submit\" value=\"Enviar\" class=\"wpcf7-form-control wpcf7-submit\" \/><\/p>\n<div class=\"wpcf7-response-output wpcf7-display-none\"><\/div><\/form><\/div>\n","protected":false},"excerpt":{"rendered":"<p>O departamento social do Kidsongs \u00e9 o mais importante dos\u00a0objetivos deste projeto: Fazer can\u00e7\u00f5es para crian\u00e7as que est\u00e3o doentes \u00e9 a nosso principal desafio. A m\u00fasica desempenha um papel extramamente [&hellip;]<\/p>\n","protected":false},"author":1,"featured_media":0,"parent":0,"menu_order":0,"comment_status":"closed","ping_status":"closed","template":"","meta":{"footnotes":""},"class_list":["post-271","page","type-page","status-publish","hentry"],"_links":{"self":[{"href":"http:\/\/kidsongs.com.br\/kids\/wp-json\/wp\/v2\/pages\/271","targetHints":{"allow":["GET"]}}],"collection":[{"href":"http:\/\/kidsongs.com.br\/kids\/wp-json\/wp\/v2\/pages"}],"about":[{"href":"http:\/\/kidsongs.com.br\/kids\/wp-json\/wp\/v2\/types\/page"}],"author":[{"embeddable":true,"href":"http:\/\/kidsongs.com.br\/kids\/wp-json\/wp\/v2\/users\/1"}],"replies":[{"embeddable":true,"href":"http:\/\/kidsongs.com.br\/kids\/wp-json\/wp\/v2\/comments?post=271"}],"version-history":[{"count":15,"href":"http:\/\/kidsongs.com.br\/kids\/wp-json\/wp\/v2\/pages\/271\/revisions"}],"predecessor-version":[{"id":312,"href":"http:\/\/kidsongs.com.br\/kids\/wp-json\/wp\/v2\/pages\/271\/revisions\/312"}],"wp:attachment":[{"href":"http:\/\/kidsongs.com.br\/kids\/wp-json\/wp\/v2\/media?parent=271"}],"curies":[{"name":"wp","href":"https:\/\/api.w.org\/{rel}","templated":true}]}}