{"id":35,"date":"2012-11-27T19:32:53","date_gmt":"2012-11-27T19:32:53","guid":{"rendered":"http:\/\/kidsongs.com.br\/site\/?page_id=35"},"modified":"2014-12-15T18:32:14","modified_gmt":"2014-12-15T18:32:14","slug":"como-fazemos","status":"publish","type":"page","link":"http:\/\/kidsongs.com.br\/kids\/como-fazemos\/","title":{"rendered":"Como fazemos?"},"content":{"rendered":"<p><strong>Processo de Cria\u00e7\u00e3o<\/strong><\/p>\n<p><a href=\"http:\/\/kidsongs.com.br\/kids\/wp-content\/uploads\/2012\/11\/studio001-300x207.jpg\"><img loading=\"lazy\" decoding=\"async\" class=\"alignleft size-full wp-image-202\" src=\"http:\/\/kidsongs.com.br\/kids\/wp-content\/uploads\/2012\/11\/studio001-300x207.jpg\" alt=\"studio001-300x207\" width=\"300\" height=\"207\" \/><\/a>O processo de confec\u00e7\u00e3o das m\u00fasicas do <strong>Kidsongs<\/strong> segue o mesmo padr\u00e3o t\u00e9cnico e art\u00edstico\u00a0que o de um CD qualquer que consumimos.<\/p>\n<p>Entretanto, a nossa principal meta \u00e9 primar pelo bom gosto e cuidado extremo.<br \/>\nComo se trata de um produto que ir\u00e1 perpetuar nas fam\u00edlias que as receberem, as can\u00e7\u00f5es ter\u00e3o caracter\u00edsticas totalmente atemporais, fugindo dos modismos, conven\u00e7\u00f5es e, sobretudo, dos estilos de gosto duvidoso.<br \/>\nPrimamos pela delicadeza, pela originalidade, sem nos desfazermos da leveza que uma boa can\u00e7\u00e3o infantil demanda.<\/p>\n<p>O <strong>Kidsongs<\/strong> \u00e9 uma grande &#8220;surpresa&#8221;, n\u00e3o \u00e9 um jingle cujo cliente estabelece suas regras e seu caminho.<\/p>\n<p>O <strong>Kidsongs<\/strong> \u00e9 a trilha sonora de um momento importante da vida de uma crian\u00e7a e de sua fam\u00edlia e que ser\u00e3o &#8220;pegos&#8221; totalmente de surpresa.<\/p>\n<p>O objetivo, por fim, \u00e9 encantar a todos, atender aos anseios de quem nos contrata mas, como existe e sempre existir\u00e1 o tra\u00e7o autoral &#8211; o que torna cada pe\u00e7a uma express\u00e3o \u00fanica &#8211; o trabalho responde e sempre responder\u00e1 aos crit\u00e9rios de acuro, contemporaneidade, disciplina t\u00e9cnica e est\u00e9tica da equipe do <strong>Kidsongs.<\/strong><\/p>\n<p><strong>\u00a0<\/strong>O processo de cria\u00e7\u00e3o inicia-se a partir do briefing elaborado pelo cliente:<\/p>\n<p>1- Nome e apelido da ciran\u00e7a.<br \/>\n2- Nome dos pais.<br \/>\n3- Nome dos amigos ou parentes que desejam incluir na m\u00fasica.<br \/>\n4- Nome dos animais &#8211; se os tiver.<br \/>\n5- Outros detalhes que desejarem incluir.<\/p>\n<p>Partindo dessas informa\u00e7\u00f5es, a can\u00e7\u00e3o \u00e9 composta e produzida at\u00e9 sua mixagem e masteriza\u00e7\u00e3o.<br \/>\nAssim que finalizado, mandamos a can\u00e7\u00e3o no formato mp3 para o email do cliente e\/ou da pessoa presenteada.<\/p>\n<p>O prazo de entrega \u00e9 de at\u00e9 30 dias \u00fateis. Programe sua encomenda com anteced\u00eancia!<\/p>\n<p><strong>BONUS<\/strong>: O cliente tamb\u00e9m receber\u00e1 o playback da m\u00fasica (sem voz) para que possam cantar como num karaok\u00ea.<\/p>\n<p>&nbsp;<\/p>\n<p>&nbsp;<\/p>\n","protected":false},"excerpt":{"rendered":"<p>Processo de Cria\u00e7\u00e3o O processo de confec\u00e7\u00e3o das m\u00fasicas do Kidsongs segue o mesmo padr\u00e3o t\u00e9cnico e art\u00edstico\u00a0que o de um CD qualquer que consumimos. Entretanto, a nossa principal meta [&hellip;]<\/p>\n","protected":false},"author":1,"featured_media":0,"parent":0,"menu_order":20,"comment_status":"closed","ping_status":"open","template":"","meta":{"footnotes":""},"class_list":["post-35","page","type-page","status-publish","hentry"],"_links":{"self":[{"href":"http:\/\/kidsongs.com.br\/kids\/wp-json\/wp\/v2\/pages\/35","targetHints":{"allow":["GET"]}}],"collection":[{"href":"http:\/\/kidsongs.com.br\/kids\/wp-json\/wp\/v2\/pages"}],"about":[{"href":"http:\/\/kidsongs.com.br\/kids\/wp-json\/wp\/v2\/types\/page"}],"author":[{"embeddable":true,"href":"http:\/\/kidsongs.com.br\/kids\/wp-json\/wp\/v2\/users\/1"}],"replies":[{"embeddable":true,"href":"http:\/\/kidsongs.com.br\/kids\/wp-json\/wp\/v2\/comments?post=35"}],"version-history":[{"count":3,"href":"http:\/\/kidsongs.com.br\/kids\/wp-json\/wp\/v2\/pages\/35\/revisions"}],"predecessor-version":[{"id":244,"href":"http:\/\/kidsongs.com.br\/kids\/wp-json\/wp\/v2\/pages\/35\/revisions\/244"}],"wp:attachment":[{"href":"http:\/\/kidsongs.com.br\/kids\/wp-json\/wp\/v2\/media?parent=35"}],"curies":[{"name":"wp","href":"https:\/\/api.w.org\/{rel}","templated":true}]}}