{"id":41,"date":"2012-11-27T19:36:16","date_gmt":"2012-11-27T19:36:16","guid":{"rendered":"http:\/\/kidsongs.com.br\/site\/?page_id=41"},"modified":"2015-10-21T15:45:08","modified_gmt":"2015-10-21T15:45:08","slug":"contato","status":"publish","type":"page","link":"http:\/\/kidsongs.com.br\/kids\/contato\/","title":{"rendered":"Como comprar"},"content":{"rendered":"<p><a href=\"http:\/\/kidsongs.com.br\/kids\/wp-content\/uploads\/2012\/11\/Screen-Shot-2015-03-16-at-3.44.22-PM.png\"><br \/>\n<\/a><img loading=\"lazy\" decoding=\"async\" class=\"aligncenter  wp-image-231\" src=\"http:\/\/kidsongs.com.br\/kids\/wp-content\/uploads\/2014\/01\/bg2.jpg\" alt=\"bg2.jpg\" width=\"542\" height=\"361\" \/><\/p>\n<p>&nbsp;<\/p>\n<p>LIGUE AGORA (11)98979-9180 OU PREENCHA O FORMUL\u00c1RIO ABAIXO.<\/p>\n<p>Voc\u00ea nos passa as informa\u00e7\u00f5es que quiser para a confec\u00e7\u00e3o da can\u00e7\u00e3o.<br \/>\nEx: nome dos pais, dos irm\u00e3os, dos bichos, dos melhores amigos, etc&#8230;<br \/>\nQuanto mais &#8220;dicas&#8221; nos forem dadas, mais bacana a m\u00fasica fica.<\/p>\n<p>Assim que pronta, n\u00f3s enviaremos os arquivos por email: a m\u00fasica mixada e o playback para karaok\u00ea.<\/p>\n<p>\u00c9 muito divertido!!! E can\u00e7\u00e3o permanecer\u00e1 na fam\u00edlia pra sempre!<\/p>\n<p>Vc pode ligar a qualquer hora (11)98979-9180 falar com Marcelo.<\/p>\n","protected":false},"excerpt":{"rendered":"<p>&nbsp; LIGUE AGORA (11)98979-9180 OU PREENCHA O FORMUL\u00c1RIO ABAIXO. Voc\u00ea nos passa as informa\u00e7\u00f5es que quiser para a confec\u00e7\u00e3o da can\u00e7\u00e3o. Ex: nome dos pais, dos irm\u00e3os, dos bichos, dos [&hellip;]<\/p>\n","protected":false},"author":1,"featured_media":0,"parent":0,"menu_order":0,"comment_status":"closed","ping_status":"closed","template":"contact.php","meta":{"footnotes":""},"class_list":["post-41","page","type-page","status-publish","hentry"],"_links":{"self":[{"href":"http:\/\/kidsongs.com.br\/kids\/wp-json\/wp\/v2\/pages\/41","targetHints":{"allow":["GET"]}}],"collection":[{"href":"http:\/\/kidsongs.com.br\/kids\/wp-json\/wp\/v2\/pages"}],"about":[{"href":"http:\/\/kidsongs.com.br\/kids\/wp-json\/wp\/v2\/types\/page"}],"author":[{"embeddable":true,"href":"http:\/\/kidsongs.com.br\/kids\/wp-json\/wp\/v2\/users\/1"}],"replies":[{"embeddable":true,"href":"http:\/\/kidsongs.com.br\/kids\/wp-json\/wp\/v2\/comments?post=41"}],"version-history":[{"count":27,"href":"http:\/\/kidsongs.com.br\/kids\/wp-json\/wp\/v2\/pages\/41\/revisions"}],"predecessor-version":[{"id":305,"href":"http:\/\/kidsongs.com.br\/kids\/wp-json\/wp\/v2\/pages\/41\/revisions\/305"}],"wp:attachment":[{"href":"http:\/\/kidsongs.com.br\/kids\/wp-json\/wp\/v2\/media?parent=41"}],"curies":[{"name":"wp","href":"https:\/\/api.w.org\/{rel}","templated":true}]}}